{"id":3,"date":"2022-03-24T00:35:48","date_gmt":"2022-03-24T00:35:48","guid":{"rendered":"https:\/\/shop.anyflats.com\/?page_id=3"},"modified":"2022-07-08T22:24:03","modified_gmt":"2022-07-08T22:24:03","slug":"privacy-policy","status":"publish","type":"page","link":"https:\/\/www.anyflats.com\/?page_id=3","title":{"rendered":"T\u00e9rminos y Condiciones, Pol\u00edtica de Privacidad"},"content":{"rendered":"\t\t<div data-elementor-type=\"wp-page\" data-elementor-id=\"3\" class=\"elementor elementor-3\">\n\t\t\t\t\t\t<section class=\"elementor-section elementor-top-section elementor-element elementor-element-1b03df78 elementor-section-boxed elementor-section-height-default elementor-section-height-default\" data-id=\"1b03df78\" data-element_type=\"section\" data-e-type=\"section\">\n\t\t\t\t\t\t<div class=\"elementor-container elementor-column-gap-default\">\n\t\t\t\t\t<div class=\"elementor-column elementor-col-100 elementor-top-column elementor-element elementor-element-15e46e95\" data-id=\"15e46e95\" data-element_type=\"column\" data-e-type=\"column\">\n\t\t\t<div class=\"elementor-widget-wrap elementor-element-populated\">\n\t\t\t\t\t\t<div class=\"elementor-element elementor-element-5e0b7612 elementor-widget elementor-widget-text-editor\" data-id=\"5e0b7612\" data-element_type=\"widget\" data-e-type=\"widget\" data-widget_type=\"text-editor.default\">\n\t\t\t\t<div class=\"elementor-widget-container\">\n\t\t\t\t\t\t\t\t\t<p>Bienvenido a AnyFlats.com, el presente acuerdo est\u00e1 sujeto y ser\u00e1 interpretado conforme a las leyes, reglamentos y en los tribunales de la Ciudad de Chihuahua.<\/p><p>Al ingresar y utilizar este sitio, todo usuario indica que ha le\u00eddo, comprendido y aceptado por medios electr\u00f3nicos, condiciones y pol\u00edticas mas recientes se AnyFlats.com,&nbsp; incluyendo su Aviso de Privacidad. Si el usuario no est\u00e1 de acuerdo y desea rechazar en forma completa y absoluta los t\u00e9rminos, condiciones, pol\u00edticas y avisos mencionados anteriormente deber\u00e1 salir y cerrar el sitio para rechazarlos expl\u00edcitamente.<\/p><p>Estos t\u00e9rminos, condiciones, pol\u00edticas y avisos as\u00ed como las cl\u00e1usulas y t\u00e9rminos adicionales, constituyen un acuerdo integro entre \u201cAnyFlats.com\u201d Y \u201cEL USUARIO\u201d y constituye cualquier otro acuerdo celebrado con anterioridad.<\/p><p>AnyFlats.com tambi\u00e9n se reserva el derecho de hacer cambios y modificaciones sin previo aviso a este sitio; as\u00ed como a sus t\u00e9rminos, condiciones, pol\u00edticas y avisos en cualquier momento bajo su \u00fanica y exclusiva discreci\u00f3n. Al hacerlo, AnyFlats.com no da lugar ni derecho a ninguna reclamaci\u00f3n o indemnizaci\u00f3n que implique reconocimiento de responsabilidad alguna a favor del usuario, as\u00ed siendo exclusiva obligaci\u00f3n del mismo asegurarse de tener conocimiento de tales cambios, modificaciones y actualizaciones en el sitio o cualquier contenido referente a sus t\u00e9rminos, condiciones, pol\u00edticas y avisos.<\/p><p>AnyFlats.com, tambi\u00e9n se reserva el derecho de terminar el presente acuerdo en cualquier momento sin necesidad de dar aviso o notificar al usuario, as\u00ed como tambi\u00e9n bloquearle el acceso; suspendiendo los servicios otorgados por el sitio. Sin embargo, el presente acuerdo junto con sus cl\u00e1usulas y t\u00e9rminos adicionales mantienen su fuerza, validez y obligaciones a\u00fan si el usuario participa indirectamente en el sitio.<\/p><p>El usuario esta de acuerdo en indemnizar a AnyFlats.com por cualquier acci\u00f3n, demanda o reclamaci\u00f3n derivada de cualquier incumplimiento por parte del usuario al presente acuerdo; incluyendo pero no limit\u00e1ndose a cualquier acci\u00f3n causada por el uso directo o indirecto de este sitio y la informaci\u00f3n contenida en el mismo. Por lo tanto AnyFlats.com expresa que la inactividad al ejercicio de sus derechos, en ning\u00fan momento deber\u00e1 interpretarse como renuncia a los derechos adquiridos o derivados del presente acuerdo.<\/p><p>LIMITACIONES A LA RESPONSABILIDAD \/ NEGACI\u00d3N DE GARANT\u00cdAS<\/p><p>USO DEL SITIO.<\/p><p>CAMBIOS Y DEVOLUCIONES<\/p><p>Todos los cambios, garant\u00edas y devoluciones est\u00e1n sujetos a la previa autorizaci\u00f3n por escrito de AnyFlats.com. Todos los cambios y devoluciones est\u00e1n sujetos al proceso de revisi\u00f3n y evaluaci\u00f3n&nbsp; del estado original del producto, as\u00ed como a las condiciones de sus compra.<\/p><p>AnyFlats.com realiza una inspecci\u00f3n de todos sus productos al momento de empacarlos para asegurarse de que todos y cada uno de ellos sean nuevos y est\u00e9n libres de defectos. Este proceso nos ayuda a monitorear la calidad de cada producto individualmente y proporcionar un mejor servicio; evitando as\u00ed que ning\u00fan cliente pueda da\u00f1ar o modificar los productos con el fin de hacerlos intencionalmente candidatos a cambio y\/o devoluci\u00f3n por defecto de f\u00e1brica. Si AnyFlats.com considera o descubre que el producto ha sido manipulado de alguna forma; se perder\u00e1 autom\u00e1ticamente el derecho a realizar cualquier tipo de cambio o acci\u00f3n.<\/p><p>Todos los productos deber\u00e1n estar en las mismas condiciones que fueron entregados al cliente por primera vez, para que su cambio y\/o devoluci\u00f3n pueda ser autorizado. AnyFlats.com, no acepta quejas, reclamos ni protestas si el producto \u00f3 empaque muestra se\u00f1ales de haber sido usado, da\u00f1ado \u00f3 maltratado; ya que \u00e9stas condiciones anulan el derecho a realizar todo tipo de cambios o devoluciones indiscutiblemente.<\/p><p>Si AnyFlats.com llega a considerar la solicitud enviada de alg\u00fan cambio o devoluci\u00f3n riesgosa, falsa o manipulada&nbsp; en cualquier forma, solicitaremos al cliente informaci\u00f3n adicional para comprobar la identidad del cliente y la forma de pago del producto. En caso de encontrar alguna inconsistencia en la informaci\u00f3n requerida, el derecho a realizar cualquier cambio o devoluci\u00f3n ser\u00e1 anulado autom\u00e1ticamente por seguridad del usuario y de AnyFlats.com.<\/p><p>AnyFlats.com se reserva el derecho de autorizar cualquier tipo de cambio, \u00fanicamente cuando el producto a cambiar est\u00e9 disponible y en existencia, de no ser as\u00ed se deber\u00e1 elegir alg\u00fan otro producto disponible para poder realizar el cambio.<\/p>\t\t\t\t\t\t\t\t<\/div>\n\t\t\t\t<\/div>\n\t\t\t\t\t<\/div>\n\t\t<\/div>\n\t\t\t\t\t<\/div>\n\t\t<\/section>\n\t\t\t\t<\/div>\n\t\t","protected":false},"excerpt":{"rendered":"<p>Bienvenido a AnyFlats.com, el presente acuerdo est\u00e1 sujeto y ser\u00e1 interpretado conforme a las leyes, reglamentos y en los tribunales de la Ciudad de Chihuahua. Al ingresar y utilizar este sitio, todo usuario indica que ha le\u00eddo, comprendido y aceptado por medios electr\u00f3nicos, condiciones y pol\u00edticas mas recientes se AnyFlats.com,&nbsp; incluyendo su Aviso de Privacidad. [&hellip;]<\/p>\n","protected":false},"author":1,"featured_media":0,"parent":0,"menu_order":0,"comment_status":"closed","ping_status":"open","template":"","meta":{"footnotes":""},"class_list":["post-3","page","type-page","status-publish","hentry"],"yoast_head":"<!-- This site is optimized with the Yoast SEO plugin v27.4 - https:\/\/yoast.com\/product\/yoast-seo-wordpress\/ -->\n<title>T\u00e9rminos y Condiciones, Pol\u00edtica de Privacidad - Anyflats<\/title>\n<meta name=\"robots\" content=\"index, follow, max-snippet:-1, max-image-preview:large, max-video-preview:-1\" \/>\n<link rel=\"canonical\" href=\"https:\/\/www.anyflats.com\/?page_id=3\" \/>\n<meta property=\"og:locale\" content=\"es_ES\" \/>\n<meta property=\"og:type\" content=\"article\" \/>\n<meta property=\"og:title\" content=\"T\u00e9rminos y Condiciones, Pol\u00edtica de Privacidad - Anyflats\" \/>\n<meta property=\"og:description\" content=\"Bienvenido a AnyFlats.com, el presente acuerdo est\u00e1 sujeto y ser\u00e1 interpretado conforme a las leyes, reglamentos y en los tribunales de la Ciudad de Chihuahua. Al ingresar y utilizar este sitio, todo usuario indica que ha le\u00eddo, comprendido y aceptado por medios electr\u00f3nicos, condiciones y pol\u00edticas mas recientes se AnyFlats.com,&nbsp; incluyendo su Aviso de Privacidad. [&hellip;]\" \/>\n<meta property=\"og:url\" content=\"https:\/\/www.anyflats.com\/?page_id=3\" \/>\n<meta property=\"og:site_name\" content=\"Anyflats\" \/>\n<meta property=\"article:modified_time\" content=\"2022-07-08T22:24:03+00:00\" \/>\n<meta name=\"twitter:card\" content=\"summary_large_image\" \/>\n<meta name=\"twitter:label1\" content=\"Tiempo de lectura\" \/>\n\t<meta name=\"twitter:data1\" content=\"4 minutos\" \/>\n<script type=\"application\/ld+json\" class=\"yoast-schema-graph\">{\"@context\":\"https:\\\/\\\/schema.org\",\"@graph\":[{\"@type\":\"WebPage\",\"@id\":\"https:\\\/\\\/www.anyflats.com\\\/?page_id=3\",\"url\":\"https:\\\/\\\/www.anyflats.com\\\/?page_id=3\",\"name\":\"T\u00e9rminos y Condiciones, Pol\u00edtica de Privacidad - Anyflats\",\"isPartOf\":{\"@id\":\"https:\\\/\\\/www.anyflats.com\\\/#website\"},\"datePublished\":\"2022-03-24T00:35:48+00:00\",\"dateModified\":\"2022-07-08T22:24:03+00:00\",\"breadcrumb\":{\"@id\":\"https:\\\/\\\/www.anyflats.com\\\/?page_id=3#breadcrumb\"},\"inLanguage\":\"es\",\"potentialAction\":[{\"@type\":\"ReadAction\",\"target\":[\"https:\\\/\\\/www.anyflats.com\\\/?page_id=3\"]}]},{\"@type\":\"BreadcrumbList\",\"@id\":\"https:\\\/\\\/www.anyflats.com\\\/?page_id=3#breadcrumb\",\"itemListElement\":[{\"@type\":\"ListItem\",\"position\":1,\"name\":\"Home\",\"item\":\"https:\\\/\\\/www.anyflats.com\\\/\"},{\"@type\":\"ListItem\",\"position\":2,\"name\":\"T\u00e9rminos y Condiciones, Pol\u00edtica de Privacidad\"}]},{\"@type\":\"WebSite\",\"@id\":\"https:\\\/\\\/www.anyflats.com\\\/#website\",\"url\":\"https:\\\/\\\/www.anyflats.com\\\/\",\"name\":\"Anyflats\",\"description\":\"Tire Sealant Latex\",\"potentialAction\":[{\"@type\":\"SearchAction\",\"target\":{\"@type\":\"EntryPoint\",\"urlTemplate\":\"https:\\\/\\\/www.anyflats.com\\\/?s={search_term_string}\"},\"query-input\":{\"@type\":\"PropertyValueSpecification\",\"valueRequired\":true,\"valueName\":\"search_term_string\"}}],\"inLanguage\":\"es\"}]}<\/script>\n<!-- \/ Yoast SEO plugin. -->","yoast_head_json":{"title":"T\u00e9rminos y Condiciones, Pol\u00edtica de Privacidad - Anyflats","robots":{"index":"index","follow":"follow","max-snippet":"max-snippet:-1","max-image-preview":"max-image-preview:large","max-video-preview":"max-video-preview:-1"},"canonical":"https:\/\/www.anyflats.com\/?page_id=3","og_locale":"es_ES","og_type":"article","og_title":"T\u00e9rminos y Condiciones, Pol\u00edtica de Privacidad - Anyflats","og_description":"Bienvenido a AnyFlats.com, el presente acuerdo est\u00e1 sujeto y ser\u00e1 interpretado conforme a las leyes, reglamentos y en los tribunales de la Ciudad de Chihuahua. Al ingresar y utilizar este sitio, todo usuario indica que ha le\u00eddo, comprendido y aceptado por medios electr\u00f3nicos, condiciones y pol\u00edticas mas recientes se AnyFlats.com,&nbsp; incluyendo su Aviso de Privacidad. [&hellip;]","og_url":"https:\/\/www.anyflats.com\/?page_id=3","og_site_name":"Anyflats","article_modified_time":"2022-07-08T22:24:03+00:00","twitter_card":"summary_large_image","twitter_misc":{"Tiempo de lectura":"4 minutos"},"schema":{"@context":"https:\/\/schema.org","@graph":[{"@type":"WebPage","@id":"https:\/\/www.anyflats.com\/?page_id=3","url":"https:\/\/www.anyflats.com\/?page_id=3","name":"T\u00e9rminos y Condiciones, Pol\u00edtica de Privacidad - Anyflats","isPartOf":{"@id":"https:\/\/www.anyflats.com\/#website"},"datePublished":"2022-03-24T00:35:48+00:00","dateModified":"2022-07-08T22:24:03+00:00","breadcrumb":{"@id":"https:\/\/www.anyflats.com\/?page_id=3#breadcrumb"},"inLanguage":"es","potentialAction":[{"@type":"ReadAction","target":["https:\/\/www.anyflats.com\/?page_id=3"]}]},{"@type":"BreadcrumbList","@id":"https:\/\/www.anyflats.com\/?page_id=3#breadcrumb","itemListElement":[{"@type":"ListItem","position":1,"name":"Home","item":"https:\/\/www.anyflats.com\/"},{"@type":"ListItem","position":2,"name":"T\u00e9rminos y Condiciones, Pol\u00edtica de Privacidad"}]},{"@type":"WebSite","@id":"https:\/\/www.anyflats.com\/#website","url":"https:\/\/www.anyflats.com\/","name":"Anyflats","description":"Tire Sealant Latex","potentialAction":[{"@type":"SearchAction","target":{"@type":"EntryPoint","urlTemplate":"https:\/\/www.anyflats.com\/?s={search_term_string}"},"query-input":{"@type":"PropertyValueSpecification","valueRequired":true,"valueName":"search_term_string"}}],"inLanguage":"es"}]}},"_links":{"self":[{"href":"https:\/\/www.anyflats.com\/index.php?rest_route=\/wp\/v2\/pages\/3","targetHints":{"allow":["GET"]}}],"collection":[{"href":"https:\/\/www.anyflats.com\/index.php?rest_route=\/wp\/v2\/pages"}],"about":[{"href":"https:\/\/www.anyflats.com\/index.php?rest_route=\/wp\/v2\/types\/page"}],"author":[{"embeddable":true,"href":"https:\/\/www.anyflats.com\/index.php?rest_route=\/wp\/v2\/users\/1"}],"replies":[{"embeddable":true,"href":"https:\/\/www.anyflats.com\/index.php?rest_route=%2Fwp%2Fv2%2Fcomments&post=3"}],"version-history":[{"count":4,"href":"https:\/\/www.anyflats.com\/index.php?rest_route=\/wp\/v2\/pages\/3\/revisions"}],"predecessor-version":[{"id":18343,"href":"https:\/\/www.anyflats.com\/index.php?rest_route=\/wp\/v2\/pages\/3\/revisions\/18343"}],"wp:attachment":[{"href":"https:\/\/www.anyflats.com\/index.php?rest_route=%2Fwp%2Fv2%2Fmedia&parent=3"}],"curies":[{"name":"wp","href":"https:\/\/api.w.org\/{rel}","templated":true}]}}