{"id":216,"date":"2019-09-26T09:30:49","date_gmt":"2019-09-26T09:30:49","guid":{"rendered":"http:\/\/wordpress.templatemela.com\/woo\/WCM05\/WCM050116\/elementor\/?page_id=216"},"modified":"2022-03-26T01:41:29","modified_gmt":"2022-03-26T01:41:29","slug":"about-us","status":"publish","type":"page","link":"https:\/\/www.anyflats.com\/?page_id=216","title":{"rendered":"Nosotros"},"content":{"rendered":"\t\t<div data-elementor-type=\"wp-page\" data-elementor-id=\"216\" class=\"elementor elementor-216\">\n\t\t\t\t\t\t<section class=\"elementor-section elementor-top-section elementor-element elementor-element-03eeb22 elementor-section-boxed elementor-section-height-default elementor-section-height-default\" data-id=\"03eeb22\" data-element_type=\"section\" data-e-type=\"section\">\n\t\t\t\t\t\t<div class=\"elementor-container elementor-column-gap-default\">\n\t\t\t\t\t<div class=\"elementor-column elementor-col-100 elementor-top-column elementor-element elementor-element-8a11ce6\" data-id=\"8a11ce6\" data-element_type=\"column\" data-e-type=\"column\">\n\t\t\t<div class=\"elementor-widget-wrap elementor-element-populated\">\n\t\t\t\t\t\t<div class=\"elementor-element elementor-element-f218542 tm-title elementor-widget elementor-widget-heading\" data-id=\"f218542\" data-element_type=\"widget\" data-e-type=\"widget\" data-widget_type=\"heading.default\">\n\t\t\t\t<div class=\"elementor-widget-container\">\n\t\t\t\t\t<h2 class=\"elementor-heading-title elementor-size-default\">AnyFlats<\/h2>\t\t\t\t<\/div>\n\t\t\t\t<\/div>\n\t\t\t\t<div class=\"elementor-element elementor-element-18f457e elementor-widget elementor-widget-heading\" data-id=\"18f457e\" data-element_type=\"widget\" data-e-type=\"widget\" data-widget_type=\"heading.default\">\n\t\t\t\t<div class=\"elementor-widget-container\">\n\t\t\t\t\t<h2 class=\"elementor-heading-title elementor-size-default\">Es un sellador en base l\u00e1tex de secado r\u00e1pido, es decir un sellado de llanta pr\u00e1cticamente al instante de manera que no pierde presi\u00f3n de aire.  La marca cuenta con 3 tipos de sellador:  Bicicletas, Motocicletas, adem\u00e1s de uso pesado para remolques y maquinaria.<\/h2>\t\t\t\t<\/div>\n\t\t\t\t<\/div>\n\t\t\t\t<section class=\"elementor-section elementor-inner-section elementor-element elementor-element-199587c elementor-section-boxed elementor-section-height-default elementor-section-height-default\" data-id=\"199587c\" data-element_type=\"section\" data-e-type=\"section\">\n\t\t\t\t\t\t<div class=\"elementor-container elementor-column-gap-default\">\n\t\t\t\t\t<div class=\"elementor-column elementor-col-33 elementor-inner-column elementor-element elementor-element-de74ce5\" data-id=\"de74ce5\" data-element_type=\"column\" data-e-type=\"column\">\n\t\t\t<div class=\"elementor-widget-wrap elementor-element-populated\">\n\t\t\t\t\t\t<div class=\"elementor-element elementor-element-7346be6 elementor-widget elementor-widget-image\" data-id=\"7346be6\" data-element_type=\"widget\" data-e-type=\"widget\" data-widget_type=\"image.default\">\n\t\t\t\t<div class=\"elementor-widget-container\">\n\t\t\t\t\t\t\t\t\t\t\t\t\t\t\t<img fetchpriority=\"high\" decoding=\"async\" width=\"1200\" height=\"800\" src=\"https:\/\/www.anyflats.com\/wp-content\/uploads\/2022\/03\/Nosotros_Bici.png\" class=\"attachment-full size-full wp-image-17874\" alt=\"\" srcset=\"https:\/\/www.anyflats.com\/wp-content\/uploads\/2022\/03\/Nosotros_Bici.png 1200w, https:\/\/www.anyflats.com\/wp-content\/uploads\/2022\/03\/Nosotros_Bici-300x200.png 300w, https:\/\/www.anyflats.com\/wp-content\/uploads\/2022\/03\/Nosotros_Bici-1024x683.png 1024w, https:\/\/www.anyflats.com\/wp-content\/uploads\/2022\/03\/Nosotros_Bici-768x512.png 768w, https:\/\/www.anyflats.com\/wp-content\/uploads\/2022\/03\/Nosotros_Bici-600x400.png 600w\" sizes=\"(max-width: 1200px) 100vw, 1200px\" \/>\t\t\t\t\t\t\t\t\t\t\t\t\t\t\t<\/div>\n\t\t\t\t<\/div>\n\t\t\t\t\t<\/div>\n\t\t<\/div>\n\t\t\t\t<div class=\"elementor-column elementor-col-33 elementor-inner-column elementor-element elementor-element-2ef790e\" data-id=\"2ef790e\" data-element_type=\"column\" data-e-type=\"column\">\n\t\t\t<div class=\"elementor-widget-wrap elementor-element-populated\">\n\t\t\t\t\t\t<div class=\"elementor-element elementor-element-5c71b88 elementor-widget elementor-widget-image\" data-id=\"5c71b88\" data-element_type=\"widget\" data-e-type=\"widget\" data-widget_type=\"image.default\">\n\t\t\t\t<div class=\"elementor-widget-container\">\n\t\t\t\t\t\t\t\t\t\t\t\t\t\t\t<img decoding=\"async\" width=\"1200\" height=\"800\" src=\"https:\/\/www.anyflats.com\/wp-content\/uploads\/2022\/03\/Nosotros_Moto.png\" class=\"attachment-full size-full wp-image-17873\" alt=\"\" srcset=\"https:\/\/www.anyflats.com\/wp-content\/uploads\/2022\/03\/Nosotros_Moto.png 1200w, https:\/\/www.anyflats.com\/wp-content\/uploads\/2022\/03\/Nosotros_Moto-300x200.png 300w, https:\/\/www.anyflats.com\/wp-content\/uploads\/2022\/03\/Nosotros_Moto-1024x683.png 1024w, https:\/\/www.anyflats.com\/wp-content\/uploads\/2022\/03\/Nosotros_Moto-768x512.png 768w, https:\/\/www.anyflats.com\/wp-content\/uploads\/2022\/03\/Nosotros_Moto-600x400.png 600w\" sizes=\"(max-width: 1200px) 100vw, 1200px\" \/>\t\t\t\t\t\t\t\t\t\t\t\t\t\t\t<\/div>\n\t\t\t\t<\/div>\n\t\t\t\t\t<\/div>\n\t\t<\/div>\n\t\t\t\t<div class=\"elementor-column elementor-col-33 elementor-inner-column elementor-element elementor-element-9c691fa\" data-id=\"9c691fa\" data-element_type=\"column\" data-e-type=\"column\">\n\t\t\t<div class=\"elementor-widget-wrap elementor-element-populated\">\n\t\t\t\t\t\t<div class=\"elementor-element elementor-element-286c513 elementor-widget elementor-widget-image\" data-id=\"286c513\" data-element_type=\"widget\" data-e-type=\"widget\" data-widget_type=\"image.default\">\n\t\t\t\t<div class=\"elementor-widget-container\">\n\t\t\t\t\t\t\t\t\t\t\t\t\t\t\t<img decoding=\"async\" width=\"1200\" height=\"800\" src=\"https:\/\/www.anyflats.com\/wp-content\/uploads\/2022\/03\/Nosotros_Maquinaria.png\" class=\"attachment-full size-full wp-image-17872\" alt=\"\" srcset=\"https:\/\/www.anyflats.com\/wp-content\/uploads\/2022\/03\/Nosotros_Maquinaria.png 1200w, https:\/\/www.anyflats.com\/wp-content\/uploads\/2022\/03\/Nosotros_Maquinaria-300x200.png 300w, https:\/\/www.anyflats.com\/wp-content\/uploads\/2022\/03\/Nosotros_Maquinaria-1024x683.png 1024w, https:\/\/www.anyflats.com\/wp-content\/uploads\/2022\/03\/Nosotros_Maquinaria-768x512.png 768w, https:\/\/www.anyflats.com\/wp-content\/uploads\/2022\/03\/Nosotros_Maquinaria-600x400.png 600w\" sizes=\"(max-width: 1200px) 100vw, 1200px\" \/>\t\t\t\t\t\t\t\t\t\t\t\t\t\t\t<\/div>\n\t\t\t\t<\/div>\n\t\t\t\t\t<\/div>\n\t\t<\/div>\n\t\t\t\t\t<\/div>\n\t\t<\/section>\n\t\t\t\t<div class=\"elementor-element elementor-element-fca9ada elementor-widget elementor-widget-heading\" data-id=\"fca9ada\" data-element_type=\"widget\" data-e-type=\"widget\" data-widget_type=\"heading.default\">\n\t\t\t\t<div class=\"elementor-widget-container\">\n\t\t\t\t\t<h2 class=\"elementor-heading-title elementor-size-default\"><h2 class=\"elementor-heading-title elementor-size-default elementor-inline-editing pen\" data-elementor-setting-key=\"title\" data-pen-placeholder=\"Teclea aqu\u00ed...\" style=\"font-style: normal\">AnyFlats sella al instante, contiene anticorrosivos que evitan la oxidaci\u00f3n del rin, es de r\u00e1pida aplicaci\u00f3n y tiene una vida \u00fatil de 2 a\u00f1os. Sella huella, cara y ceja.????????<\/h2>Su funcionamiento es tanto preventivo, como correctivo. Tomando en cuenta que su desempe\u00f1o \u00f3ptimo es el preventivo.<br><\/h2>\t\t\t\t<\/div>\n\t\t\t\t<\/div>\n\t\t\t\t<div class=\"elementor-element elementor-element-6852181 tm-title elementor-widget elementor-widget-heading\" data-id=\"6852181\" data-element_type=\"widget\" data-e-type=\"widget\" data-widget_type=\"heading.default\">\n\t\t\t\t<div class=\"elementor-widget-container\">\n\t\t\t\t\t<h2 class=\"elementor-heading-title elementor-size-default\">Misi\u00f3n y Visi\u00f3n<\/h2>\t\t\t\t<\/div>\n\t\t\t\t<\/div>\n\t\t\t\t<div class=\"elementor-element elementor-element-ea87174 elementor-widget elementor-widget-heading\" data-id=\"ea87174\" data-element_type=\"widget\" data-e-type=\"widget\" data-widget_type=\"heading.default\">\n\t\t\t\t<div class=\"elementor-widget-container\">\n\t\t\t\t\t<h2 class=\"elementor-heading-title elementor-size-default\">MISI\u00d3N.<br>Anyflats es una empresa que se dedica a producir un sellador de r\u00e1pida acci\u00f3n para llantas con la finalidad de brindar seguridad y confianza en los viajes a los agricultores, ciclistas, motociclistas y transportistas.<br><br>VISI\u00d3N.<br>Ser una marca representativa en los segmentos de mercado en que participa, esto a la vez que produce un sentimiento de confianza por su alta calidad con sus clientes.<\/h2>\t\t\t\t<\/div>\n\t\t\t\t<\/div>\n\t\t\t\t\t<\/div>\n\t\t<\/div>\n\t\t\t\t\t<\/div>\n\t\t<\/section>\n\t\t\t\t<\/div>\n\t\t","protected":false},"excerpt":{"rendered":"<p>AnyFlats Es un sellador en base l\u00e1tex de secado r\u00e1pido, es decir un sellado de llanta pr\u00e1cticamente al instante de manera que no pierde presi\u00f3n de aire. La marca cuenta con 3 tipos de sellador: Bicicletas, Motocicletas, adem\u00e1s de uso pesado para remolques y maquinaria. AnyFlats sella al instante, contiene anticorrosivos que evitan la oxidaci\u00f3n [&hellip;]<\/p>\n","protected":false},"author":1,"featured_media":0,"parent":0,"menu_order":0,"comment_status":"closed","ping_status":"closed","template":"","meta":{"footnotes":""},"class_list":["post-216","page","type-page","status-publish","hentry"],"yoast_head":"<!-- This site is optimized with the Yoast SEO plugin v27.4 - https:\/\/yoast.com\/product\/yoast-seo-wordpress\/ -->\n<title>Nosotros - Anyflats<\/title>\n<meta name=\"robots\" content=\"index, follow, max-snippet:-1, max-image-preview:large, max-video-preview:-1\" \/>\n<link rel=\"canonical\" href=\"https:\/\/www.anyflats.com\/?page_id=216\" \/>\n<meta property=\"og:locale\" content=\"es_ES\" \/>\n<meta property=\"og:type\" content=\"article\" \/>\n<meta property=\"og:title\" content=\"Nosotros - Anyflats\" \/>\n<meta property=\"og:description\" content=\"AnyFlats Es un sellador en base l\u00e1tex de secado r\u00e1pido, es decir un sellado de llanta pr\u00e1cticamente al instante de manera que no pierde presi\u00f3n de aire. La marca cuenta con 3 tipos de sellador: Bicicletas, Motocicletas, adem\u00e1s de uso pesado para remolques y maquinaria. AnyFlats sella al instante, contiene anticorrosivos que evitan la oxidaci\u00f3n [&hellip;]\" \/>\n<meta property=\"og:url\" content=\"https:\/\/www.anyflats.com\/?page_id=216\" \/>\n<meta property=\"og:site_name\" content=\"Anyflats\" \/>\n<meta property=\"article:modified_time\" content=\"2022-03-26T01:41:29+00:00\" \/>\n<meta property=\"og:image\" content=\"https:\/\/shop.anyflats.com\/wp-content\/uploads\/2022\/03\/Nosotros_Bici.png\" \/>\n<meta name=\"twitter:card\" content=\"summary_large_image\" \/>\n<meta name=\"twitter:label1\" content=\"Tiempo de lectura\" \/>\n\t<meta name=\"twitter:data1\" content=\"2 minutos\" \/>\n<script type=\"application\/ld+json\" class=\"yoast-schema-graph\">{\"@context\":\"https:\\\/\\\/schema.org\",\"@graph\":[{\"@type\":\"WebPage\",\"@id\":\"https:\\\/\\\/www.anyflats.com\\\/?page_id=216\",\"url\":\"https:\\\/\\\/www.anyflats.com\\\/?page_id=216\",\"name\":\"Nosotros - Anyflats\",\"isPartOf\":{\"@id\":\"https:\\\/\\\/www.anyflats.com\\\/#website\"},\"primaryImageOfPage\":{\"@id\":\"https:\\\/\\\/www.anyflats.com\\\/?page_id=216#primaryimage\"},\"image\":{\"@id\":\"https:\\\/\\\/www.anyflats.com\\\/?page_id=216#primaryimage\"},\"thumbnailUrl\":\"https:\\\/\\\/shop.anyflats.com\\\/wp-content\\\/uploads\\\/2022\\\/03\\\/Nosotros_Bici.png\",\"datePublished\":\"2019-09-26T09:30:49+00:00\",\"dateModified\":\"2022-03-26T01:41:29+00:00\",\"breadcrumb\":{\"@id\":\"https:\\\/\\\/www.anyflats.com\\\/?page_id=216#breadcrumb\"},\"inLanguage\":\"es\",\"potentialAction\":[{\"@type\":\"ReadAction\",\"target\":[\"https:\\\/\\\/www.anyflats.com\\\/?page_id=216\"]}]},{\"@type\":\"ImageObject\",\"inLanguage\":\"es\",\"@id\":\"https:\\\/\\\/www.anyflats.com\\\/?page_id=216#primaryimage\",\"url\":\"https:\\\/\\\/shop.anyflats.com\\\/wp-content\\\/uploads\\\/2022\\\/03\\\/Nosotros_Bici.png\",\"contentUrl\":\"https:\\\/\\\/shop.anyflats.com\\\/wp-content\\\/uploads\\\/2022\\\/03\\\/Nosotros_Bici.png\"},{\"@type\":\"BreadcrumbList\",\"@id\":\"https:\\\/\\\/www.anyflats.com\\\/?page_id=216#breadcrumb\",\"itemListElement\":[{\"@type\":\"ListItem\",\"position\":1,\"name\":\"Home\",\"item\":\"https:\\\/\\\/www.anyflats.com\\\/\"},{\"@type\":\"ListItem\",\"position\":2,\"name\":\"Nosotros\"}]},{\"@type\":\"WebSite\",\"@id\":\"https:\\\/\\\/www.anyflats.com\\\/#website\",\"url\":\"https:\\\/\\\/www.anyflats.com\\\/\",\"name\":\"Anyflats\",\"description\":\"Tire Sealant Latex\",\"potentialAction\":[{\"@type\":\"SearchAction\",\"target\":{\"@type\":\"EntryPoint\",\"urlTemplate\":\"https:\\\/\\\/www.anyflats.com\\\/?s={search_term_string}\"},\"query-input\":{\"@type\":\"PropertyValueSpecification\",\"valueRequired\":true,\"valueName\":\"search_term_string\"}}],\"inLanguage\":\"es\"}]}<\/script>\n<!-- \/ Yoast SEO plugin. -->","yoast_head_json":{"title":"Nosotros - Anyflats","robots":{"index":"index","follow":"follow","max-snippet":"max-snippet:-1","max-image-preview":"max-image-preview:large","max-video-preview":"max-video-preview:-1"},"canonical":"https:\/\/www.anyflats.com\/?page_id=216","og_locale":"es_ES","og_type":"article","og_title":"Nosotros - Anyflats","og_description":"AnyFlats Es un sellador en base l\u00e1tex de secado r\u00e1pido, es decir un sellado de llanta pr\u00e1cticamente al instante de manera que no pierde presi\u00f3n de aire. La marca cuenta con 3 tipos de sellador: Bicicletas, Motocicletas, adem\u00e1s de uso pesado para remolques y maquinaria. AnyFlats sella al instante, contiene anticorrosivos que evitan la oxidaci\u00f3n [&hellip;]","og_url":"https:\/\/www.anyflats.com\/?page_id=216","og_site_name":"Anyflats","article_modified_time":"2022-03-26T01:41:29+00:00","og_image":[{"url":"https:\/\/shop.anyflats.com\/wp-content\/uploads\/2022\/03\/Nosotros_Bici.png","type":"","width":"","height":""}],"twitter_card":"summary_large_image","twitter_misc":{"Tiempo de lectura":"2 minutos"},"schema":{"@context":"https:\/\/schema.org","@graph":[{"@type":"WebPage","@id":"https:\/\/www.anyflats.com\/?page_id=216","url":"https:\/\/www.anyflats.com\/?page_id=216","name":"Nosotros - Anyflats","isPartOf":{"@id":"https:\/\/www.anyflats.com\/#website"},"primaryImageOfPage":{"@id":"https:\/\/www.anyflats.com\/?page_id=216#primaryimage"},"image":{"@id":"https:\/\/www.anyflats.com\/?page_id=216#primaryimage"},"thumbnailUrl":"https:\/\/shop.anyflats.com\/wp-content\/uploads\/2022\/03\/Nosotros_Bici.png","datePublished":"2019-09-26T09:30:49+00:00","dateModified":"2022-03-26T01:41:29+00:00","breadcrumb":{"@id":"https:\/\/www.anyflats.com\/?page_id=216#breadcrumb"},"inLanguage":"es","potentialAction":[{"@type":"ReadAction","target":["https:\/\/www.anyflats.com\/?page_id=216"]}]},{"@type":"ImageObject","inLanguage":"es","@id":"https:\/\/www.anyflats.com\/?page_id=216#primaryimage","url":"https:\/\/shop.anyflats.com\/wp-content\/uploads\/2022\/03\/Nosotros_Bici.png","contentUrl":"https:\/\/shop.anyflats.com\/wp-content\/uploads\/2022\/03\/Nosotros_Bici.png"},{"@type":"BreadcrumbList","@id":"https:\/\/www.anyflats.com\/?page_id=216#breadcrumb","itemListElement":[{"@type":"ListItem","position":1,"name":"Home","item":"https:\/\/www.anyflats.com\/"},{"@type":"ListItem","position":2,"name":"Nosotros"}]},{"@type":"WebSite","@id":"https:\/\/www.anyflats.com\/#website","url":"https:\/\/www.anyflats.com\/","name":"Anyflats","description":"Tire Sealant Latex","potentialAction":[{"@type":"SearchAction","target":{"@type":"EntryPoint","urlTemplate":"https:\/\/www.anyflats.com\/?s={search_term_string}"},"query-input":{"@type":"PropertyValueSpecification","valueRequired":true,"valueName":"search_term_string"}}],"inLanguage":"es"}]}},"_links":{"self":[{"href":"https:\/\/www.anyflats.com\/index.php?rest_route=\/wp\/v2\/pages\/216","targetHints":{"allow":["GET"]}}],"collection":[{"href":"https:\/\/www.anyflats.com\/index.php?rest_route=\/wp\/v2\/pages"}],"about":[{"href":"https:\/\/www.anyflats.com\/index.php?rest_route=\/wp\/v2\/types\/page"}],"author":[{"embeddable":true,"href":"https:\/\/www.anyflats.com\/index.php?rest_route=\/wp\/v2\/users\/1"}],"replies":[{"embeddable":true,"href":"https:\/\/www.anyflats.com\/index.php?rest_route=%2Fwp%2Fv2%2Fcomments&post=216"}],"version-history":[{"count":43,"href":"https:\/\/www.anyflats.com\/index.php?rest_route=\/wp\/v2\/pages\/216\/revisions"}],"predecessor-version":[{"id":17922,"href":"https:\/\/www.anyflats.com\/index.php?rest_route=\/wp\/v2\/pages\/216\/revisions\/17922"}],"wp:attachment":[{"href":"https:\/\/www.anyflats.com\/index.php?rest_route=%2Fwp%2Fv2%2Fmedia&parent=216"}],"curies":[{"name":"wp","href":"https:\/\/api.w.org\/{rel}","templated":true}]}}