{"id":209,"date":"2019-09-26T09:21:57","date_gmt":"2019-09-26T09:21:57","guid":{"rendered":"http:\/\/wordpress.templatemela.com\/woo\/WCM05\/WCM050116\/elementor\/?page_id=209"},"modified":"2022-07-06T23:18:28","modified_gmt":"2022-07-06T23:18:28","slug":"contact-us","status":"publish","type":"page","link":"https:\/\/www.anyflats.com\/?page_id=209","title":{"rendered":"Contact Us"},"content":{"rendered":"\t\t<div data-elementor-type=\"wp-page\" data-elementor-id=\"209\" class=\"elementor elementor-209\">\n\t\t\t\t\t\t<section class=\"elementor-section elementor-top-section elementor-element elementor-element-daf671f contact-us theme-container elementor-section-full_width elementor-section-height-default elementor-section-height-default\" data-id=\"daf671f\" data-element_type=\"section\" data-e-type=\"section\">\n\t\t\t\t\t\t<div class=\"elementor-container elementor-column-gap-default\">\n\t\t\t\t\t<div class=\"elementor-column elementor-col-50 elementor-top-column elementor-element elementor-element-5aa3f9a\" data-id=\"5aa3f9a\" data-element_type=\"column\" data-e-type=\"column\">\n\t\t\t<div class=\"elementor-widget-wrap elementor-element-populated\">\n\t\t\t\t\t\t<div class=\"elementor-element elementor-element-f18b949 elementor-widget elementor-widget-heading\" data-id=\"f18b949\" data-element_type=\"widget\" data-e-type=\"widget\" data-widget_type=\"heading.default\">\n\t\t\t\t<div class=\"elementor-widget-container\">\n\t\t\t\t\t<h2 class=\"elementor-heading-title elementor-size-default\">P\u00f3nte en Contacto<\/h2>\t\t\t\t<\/div>\n\t\t\t\t<\/div>\n\t\t\t\t<div class=\"elementor-element elementor-element-f82a93b elementor-position-inline-start elementor-view-default elementor-mobile-position-block-start elementor-widget elementor-widget-icon-box\" data-id=\"f82a93b\" data-element_type=\"widget\" data-e-type=\"widget\" data-widget_type=\"icon-box.default\">\n\t\t\t\t<div class=\"elementor-widget-container\">\n\t\t\t\t\t\t\t<div class=\"elementor-icon-box-wrapper\">\n\n\t\t\t\t\t\t<div class=\"elementor-icon-box-icon\">\n\t\t\t\t<span  class=\"elementor-icon\">\n\t\t\t\t<svg xmlns=\"http:\/\/www.w3.org\/2000\/svg\" xmlns:xlink=\"http:\/\/www.w3.org\/1999\/xlink\" id=\"Capa_1\" x=\"0px\" y=\"0px\" viewBox=\"0 0 511.999 511.999\" style=\"enable-background:new 0 0 511.999 511.999;\" xml:space=\"preserve\"><g>\t<g>\t\t<path d=\"M409.124,63.426C368.224,22.525,313.843,0,256.001,0S143.777,22.525,102.877,63.426    c-40.901,40.902-63.426,95.282-63.426,153.123c0,117.012,110.638,214.337,170.077,266.623c8.26,7.266,15.393,13.541,21.076,18.849    c7.12,6.651,16.259,9.977,25.396,9.977c9.139,0,18.276-3.326,25.397-9.977c5.683-5.309,12.816-11.583,21.076-18.849    c59.439-52.287,170.077-149.611,170.077-266.623C472.549,158.708,450.025,104.328,409.124,63.426z M282.663,460.654    c-8.441,7.425-15.73,13.838-21.74,19.451c-2.761,2.577-7.085,2.578-9.847,0c-6.009-5.615-13.299-12.027-21.74-19.452    c-55.88-49.155-159.895-140.654-159.895-244.103c0-102.868,83.689-186.557,186.558-186.557    c102.868,0,186.557,83.689,186.557,186.557C442.557,319.999,338.543,411.498,282.663,460.654z\"><\/path>\t<\/g><\/g><g>\t<g>\t\t<path d=\"M256.001,112.938c-52.621,0-95.431,42.809-95.431,95.43s42.81,95.43,95.431,95.43s95.43-42.809,95.43-95.43    S308.622,112.938,256.001,112.938z M256.001,273.805c-36.083,0-65.439-29.356-65.439-65.438s29.356-65.438,65.439-65.438    s65.438,29.356,65.438,65.438S292.084,273.805,256.001,273.805z\"><\/path>\t<\/g><\/g><g><\/g><g><\/g><g><\/g><g><\/g><g><\/g><g><\/g><g><\/g><g><\/g><g><\/g><g><\/g><g><\/g><g><\/g><g><\/g><g><\/g><g><\/g><\/svg>\t\t\t\t<\/span>\n\t\t\t<\/div>\n\t\t\t\n\t\t\t\t\t\t<div class=\"elementor-icon-box-content\">\n\n\t\t\t\t\t\t\t\t\t<div class=\"elementor-icon-box-title\">\n\t\t\t\t\t\t<span  >\n\t\t\t\t\t\t\tDirecci\u00f3n :\t\t\t\t\t\t<\/span>\n\t\t\t\t\t<\/div>\n\t\t\t\t\n\t\t\t\t\t\t\t\t\t<p class=\"elementor-icon-box-description\">\n\t\t\t\t\t\tCalle Ray\u00f3n 1128, Colonia Centro<br>Ciudad Cuauht\u00e9moc, Chihuahua, M\u00e9xico.\t\t\t\t\t<\/p>\n\t\t\t\t\n\t\t\t<\/div>\n\t\t\t\n\t\t<\/div>\n\t\t\t\t\t\t<\/div>\n\t\t\t\t<\/div>\n\t\t\t\t<div class=\"elementor-element elementor-element-b3436c6 elementor-position-inline-start elementor-view-default elementor-mobile-position-block-start elementor-widget elementor-widget-icon-box\" data-id=\"b3436c6\" data-element_type=\"widget\" data-e-type=\"widget\" data-widget_type=\"icon-box.default\">\n\t\t\t\t<div class=\"elementor-widget-container\">\n\t\t\t\t\t\t\t<div class=\"elementor-icon-box-wrapper\">\n\n\t\t\t\t\t\t<div class=\"elementor-icon-box-icon\">\n\t\t\t\t<span  class=\"elementor-icon\">\n\t\t\t\t<svg xmlns=\"http:\/\/www.w3.org\/2000\/svg\" xmlns:xlink=\"http:\/\/www.w3.org\/1999\/xlink\" id=\"Capa_1\" x=\"0px\" y=\"0px\" viewBox=\"0 0 473.806 473.806\" style=\"enable-background:new 0 0 473.806 473.806;\" xml:space=\"preserve\"><g>\t<g>\t\t<path d=\"M374.456,293.506c-9.7-10.1-21.4-15.5-33.8-15.5c-12.3,0-24.1,5.3-34.2,15.4l-31.6,31.5c-2.6-1.4-5.2-2.7-7.7-4    c-3.6-1.8-7-3.5-9.9-5.3c-29.6-18.8-56.5-43.3-82.3-75c-12.5-15.8-20.9-29.1-27-42.6c8.2-7.5,15.8-15.3,23.2-22.8    c2.8-2.8,5.6-5.7,8.4-8.5c21-21,21-48.2,0-69.2l-27.3-27.3c-3.1-3.1-6.3-6.3-9.3-9.5c-6-6.2-12.3-12.6-18.8-18.6    c-9.7-9.6-21.3-14.7-33.5-14.7s-24,5.1-34,14.7c-0.1,0.1-0.1,0.1-0.2,0.2l-34,34.3c-12.8,12.8-20.1,28.4-21.7,46.5    c-2.4,29.2,6.2,56.4,12.8,74.2c16.2,43.7,40.4,84.2,76.5,127.6c43.8,52.3,96.5,93.6,156.7,122.7c23,10.9,53.7,23.8,88,26    c2.1,0.1,4.3,0.2,6.3,0.2c23.1,0,42.5-8.3,57.7-24.8c0.1-0.2,0.3-0.3,0.4-0.5c5.2-6.3,11.2-12,17.5-18.1c4.3-4.1,8.7-8.4,13-12.9    c9.9-10.3,15.1-22.3,15.1-34.6c0-12.4-5.3-24.3-15.4-34.3L374.456,293.506z M410.256,398.806    C410.156,398.806,410.156,398.906,410.256,398.806c-3.9,4.2-7.9,8-12.2,12.2c-6.5,6.2-13.1,12.7-19.3,20    c-10.1,10.8-22,15.9-37.6,15.9c-1.5,0-3.1,0-4.6-0.1c-29.7-1.9-57.3-13.5-78-23.4c-56.6-27.4-106.3-66.3-147.6-115.6    c-34.1-41.1-56.9-79.1-72-119.9c-9.3-24.9-12.7-44.3-11.2-62.6c1-11.7,5.5-21.4,13.8-29.7l34.1-34.1c4.9-4.6,10.1-7.1,15.2-7.1    c6.3,0,11.4,3.8,14.6,7c0.1,0.1,0.2,0.2,0.3,0.3c6.1,5.7,11.9,11.6,18,17.9c3.1,3.2,6.3,6.4,9.5,9.7l27.3,27.3    c10.6,10.6,10.6,20.4,0,31c-2.9,2.9-5.7,5.8-8.6,8.6c-8.4,8.6-16.4,16.6-25.1,24.4c-0.2,0.2-0.4,0.3-0.5,0.5    c-8.6,8.6-7,17-5.2,22.7c0.1,0.3,0.2,0.6,0.3,0.9c7.1,17.2,17.1,33.4,32.3,52.7l0.1,0.1c27.6,34,56.7,60.5,88.8,80.8    c4.1,2.6,8.3,4.7,12.3,6.7c3.6,1.8,7,3.5,9.9,5.3c0.4,0.2,0.8,0.5,1.2,0.7c3.4,1.7,6.6,2.5,9.9,2.5c8.3,0,13.5-5.2,15.2-6.9    l34.2-34.2c3.4-3.4,8.8-7.5,15.1-7.5c6.2,0,11.3,3.9,14.4,7.3c0.1,0.1,0.1,0.1,0.2,0.2l55.1,55.1    C420.456,377.706,420.456,388.206,410.256,398.806z\"><\/path>\t\t<path d=\"M256.056,112.706c26.2,4.4,50,16.8,69,35.8s31.3,42.8,35.8,69c1.1,6.6,6.8,11.2,13.3,11.2c0.8,0,1.5-0.1,2.3-0.2    c7.4-1.2,12.3-8.2,11.1-15.6c-5.4-31.7-20.4-60.6-43.3-83.5s-51.8-37.9-83.5-43.3c-7.4-1.2-14.3,3.7-15.6,11    S248.656,111.506,256.056,112.706z\"><\/path>\t\t<path d=\"M473.256,209.006c-8.9-52.2-33.5-99.7-71.3-137.5s-85.3-62.4-137.5-71.3c-7.3-1.3-14.2,3.7-15.5,11    c-1.2,7.4,3.7,14.3,11.1,15.6c46.6,7.9,89.1,30,122.9,63.7c33.8,33.8,55.8,76.3,63.7,122.9c1.1,6.6,6.8,11.2,13.3,11.2    c0.8,0,1.5-0.1,2.3-0.2C469.556,223.306,474.556,216.306,473.256,209.006z\"><\/path>\t<\/g><\/g><g><\/g><g><\/g><g><\/g><g><\/g><g><\/g><g><\/g><g><\/g><g><\/g><g><\/g><g><\/g><g><\/g><g><\/g><g><\/g><g><\/g><g><\/g><\/svg>\t\t\t\t<\/span>\n\t\t\t<\/div>\n\t\t\t\n\t\t\t\t\t\t<div class=\"elementor-icon-box-content\">\n\n\t\t\t\t\t\t\t\t\t<div class=\"elementor-icon-box-title\">\n\t\t\t\t\t\t<span  >\n\t\t\t\t\t\t\tTel\u00e9fonos :\t\t\t\t\t\t<\/span>\n\t\t\t\t\t<\/div>\n\t\t\t\t\n\t\t\t\t\t\t\t\t\t<p class=\"elementor-icon-box-description\">\n\t\t\t\t\t\t625 - 134 - 4477 <br>614 - 131 - 3943\t\t\t\t\t<\/p>\n\t\t\t\t\n\t\t\t<\/div>\n\t\t\t\n\t\t<\/div>\n\t\t\t\t\t\t<\/div>\n\t\t\t\t<\/div>\n\t\t\t\t<div class=\"elementor-element elementor-element-d698c7b elementor-position-inline-start elementor-view-default elementor-mobile-position-block-start elementor-widget elementor-widget-icon-box\" data-id=\"d698c7b\" data-element_type=\"widget\" data-e-type=\"widget\" data-widget_type=\"icon-box.default\">\n\t\t\t\t<div class=\"elementor-widget-container\">\n\t\t\t\t\t\t\t<div class=\"elementor-icon-box-wrapper\">\n\n\t\t\t\t\t\t<div class=\"elementor-icon-box-icon\">\n\t\t\t\t<span  class=\"elementor-icon\">\n\t\t\t\t<svg xmlns=\"http:\/\/www.w3.org\/2000\/svg\" xmlns:xlink=\"http:\/\/www.w3.org\/1999\/xlink\" id=\"Capa_1\" x=\"0px\" y=\"0px\" viewBox=\"0 0 512 512\" style=\"enable-background:new 0 0 512 512;\" xml:space=\"preserve\"><g>\t<g>\t\t<path d=\"M467,61H45C20.218,61,0,81.196,0,106v300c0,24.72,20.128,45,45,45h422c24.72,0,45-20.128,45-45V106    C512,81.28,491.872,61,467,61z M460.786,91L256.954,294.833L51.359,91H460.786z M30,399.788V112.069l144.479,143.24L30,399.788z     M51.213,421l144.57-144.57l50.657,50.222c5.864,5.814,15.327,5.795,21.167-0.046L317,277.213L460.787,421H51.213z M482,399.787    L338.213,256L482,112.212V399.787z\"><\/path>\t<\/g><\/g><g><\/g><g><\/g><g><\/g><g><\/g><g><\/g><g><\/g><g><\/g><g><\/g><g><\/g><g><\/g><g><\/g><g><\/g><g><\/g><g><\/g><g><\/g><\/svg>\t\t\t\t<\/span>\n\t\t\t<\/div>\n\t\t\t\n\t\t\t\t\t\t<div class=\"elementor-icon-box-content\">\n\n\t\t\t\t\t\t\t\t\t<div class=\"elementor-icon-box-title\">\n\t\t\t\t\t\t<span  >\n\t\t\t\t\t\t\tEmail :\t\t\t\t\t\t<\/span>\n\t\t\t\t\t<\/div>\n\t\t\t\t\n\t\t\t\t\t\t\t\t\t<p class=\"elementor-icon-box-description\">\n\t\t\t\t\t\tanyflats@gmail.com <br>\t\t\t\t\t<\/p>\n\t\t\t\t\n\t\t\t<\/div>\n\t\t\t\n\t\t<\/div>\n\t\t\t\t\t\t<\/div>\n\t\t\t\t<\/div>\n\t\t\t\t<div class=\"elementor-element elementor-element-88d37e7 elementor-position-inline-start elementor-view-default elementor-mobile-position-block-start elementor-widget elementor-widget-icon-box\" data-id=\"88d37e7\" data-element_type=\"widget\" data-e-type=\"widget\" data-widget_type=\"icon-box.default\">\n\t\t\t\t<div class=\"elementor-widget-container\">\n\t\t\t\t\t\t\t<div class=\"elementor-icon-box-wrapper\">\n\n\t\t\t\t\t\t<div class=\"elementor-icon-box-icon\">\n\t\t\t\t<span  class=\"elementor-icon\">\n\t\t\t\t<svg xmlns=\"http:\/\/www.w3.org\/2000\/svg\" xmlns:xlink=\"http:\/\/www.w3.org\/1999\/xlink\" id=\"Capa_1\" x=\"0px\" y=\"0px\" viewBox=\"0 0 512 512\" style=\"enable-background:new 0 0 512 512;\" xml:space=\"preserve\"><g>\t<g>\t\t<path d=\"M347.216,301.211l-71.387-53.54V138.609c0-10.966-8.864-19.83-19.83-19.83c-10.966,0-19.83,8.864-19.83,19.83v118.978    c0,6.246,2.935,12.136,7.932,15.864l79.318,59.489c3.569,2.677,7.734,3.966,11.878,3.966c6.048,0,11.997-2.717,15.884-7.952    C357.766,320.208,355.981,307.775,347.216,301.211z\"><\/path>\t<\/g><\/g><g>\t<g>\t\t<path d=\"M256,0C114.833,0,0,114.833,0,256s114.833,256,256,256s256-114.833,256-256S397.167,0,256,0z M256,472.341    c-119.275,0-216.341-97.066-216.341-216.341S136.725,39.659,256,39.659c119.295,0,216.341,97.066,216.341,216.341    S375.275,472.341,256,472.341z\"><\/path>\t<\/g><\/g><g><\/g><g><\/g><g><\/g><g><\/g><g><\/g><g><\/g><g><\/g><g><\/g><g><\/g><g><\/g><g><\/g><g><\/g><g><\/g><g><\/g><g><\/g><\/svg>\t\t\t\t<\/span>\n\t\t\t<\/div>\n\t\t\t\n\t\t\t\t\t\t<div class=\"elementor-icon-box-content\">\n\n\t\t\t\t\t\t\t\t\t<div class=\"elementor-icon-box-title\">\n\t\t\t\t\t\t<span  >\n\t\t\t\t\t\t\tHorario :\t\t\t\t\t\t<\/span>\n\t\t\t\t\t<\/div>\n\t\t\t\t\n\t\t\t\t\t\t\t\t\t<p class=\"elementor-icon-box-description\">\n\t\t\t\t\t\tLunes \u2013 Viernes 9 AM \u2013 7 PM\t\t\t\t\t<\/p>\n\t\t\t\t\n\t\t\t<\/div>\n\t\t\t\n\t\t<\/div>\n\t\t\t\t\t\t<\/div>\n\t\t\t\t<\/div>\n\t\t\t\t\t<\/div>\n\t\t<\/div>\n\t\t\t\t<div class=\"elementor-column elementor-col-50 elementor-top-column elementor-element elementor-element-7487a1e\" data-id=\"7487a1e\" data-element_type=\"column\" data-e-type=\"column\" data-settings=\"{&quot;background_background&quot;:&quot;classic&quot;}\">\n\t\t\t<div class=\"elementor-widget-wrap elementor-element-populated\">\n\t\t\t\t\t\t<div class=\"elementor-element elementor-element-d16c103 elementor-widget elementor-widget-heading\" data-id=\"d16c103\" data-element_type=\"widget\" data-e-type=\"widget\" data-widget_type=\"heading.default\">\n\t\t\t\t<div class=\"elementor-widget-container\">\n\t\t\t\t\t<h2 class=\"elementor-heading-title elementor-size-default\">Escr\u00edbenos.<\/h2>\t\t\t\t<\/div>\n\t\t\t\t<\/div>\n\t\t\t\t<div class=\"elementor-element elementor-element-f3c8124 elementor-widget elementor-widget-heading\" data-id=\"f3c8124\" data-element_type=\"widget\" data-e-type=\"widget\" data-widget_type=\"heading.default\">\n\t\t\t\t<div class=\"elementor-widget-container\">\n\t\t\t\t\t<h2 class=\"elementor-heading-title elementor-size-default\">Si necesitas ponerte en contacto con nosotros,<br>env\u00edanos tu tus comentarios por correo.<\/h2>\t\t\t\t<\/div>\n\t\t\t\t<\/div>\n\t\t\t\t<div class=\"elementor-element elementor-element-e3f2770 elementor-widget elementor-widget-shortcode\" data-id=\"e3f2770\" data-element_type=\"widget\" data-e-type=\"widget\" data-widget_type=\"shortcode.default\">\n\t\t\t\t<div class=\"elementor-widget-container\">\n\t\t\t\t\t\t\t<div class=\"elementor-shortcode\">\n<div class=\"wpcf7 no-js\" id=\"wpcf7-f17748-o1\" lang=\"en-US\" dir=\"ltr\" data-wpcf7-id=\"17748\">\n<div class=\"screen-reader-response\"><p role=\"status\" aria-live=\"polite\" aria-atomic=\"true\"><\/p> <ul><\/ul><\/div>\n<form action=\"\/index.php?rest_route=%2Fwp%2Fv2%2Fpages%2F209#wpcf7-f17748-o1\" method=\"post\" class=\"wpcf7-form init\" aria-label=\"Contact form\" novalidate=\"novalidate\" data-status=\"init\">\n<fieldset class=\"hidden-fields-container\"><input type=\"hidden\" name=\"_wpcf7\" value=\"17748\" \/><input type=\"hidden\" name=\"_wpcf7_version\" value=\"6.1.5\" \/><input type=\"hidden\" name=\"_wpcf7_locale\" value=\"en_US\" \/><input type=\"hidden\" name=\"_wpcf7_unit_tag\" value=\"wpcf7-f17748-o1\" \/><input type=\"hidden\" name=\"_wpcf7_container_post\" value=\"0\" \/><input type=\"hidden\" name=\"_wpcf7_posted_data_hash\" value=\"\" \/>\n<\/fieldset>\n<div class=\"text-col col-6\">\n\t<p><span class=\"wpcf7-form-control-wrap\" data-name=\"your-name\"><input size=\"40\" maxlength=\"400\" class=\"wpcf7-form-control wpcf7-text wpcf7-validates-as-required\" aria-required=\"true\" aria-invalid=\"false\" placeholder=\"Your Name*\" value=\"\" type=\"text\" name=\"your-name\" \/><\/span>\n\t<\/p>\n<\/div>\n<div class=\"text-col col-6 last\">\n\t<p><span class=\"wpcf7-form-control-wrap\" data-name=\"your-email\"><input size=\"40\" maxlength=\"400\" class=\"wpcf7-form-control wpcf7-email wpcf7-validates-as-required wpcf7-text wpcf7-validates-as-email\" aria-required=\"true\" aria-invalid=\"false\" placeholder=\"Your Email*\" value=\"\" type=\"email\" name=\"your-email\" \/><\/span>\n\t<\/p>\n<\/div>\n<div class=\"text-col\">\n\t<p><span class=\"wpcf7-form-control-wrap\" data-name=\"your-subject\"><input size=\"40\" maxlength=\"400\" class=\"wpcf7-form-control wpcf7-text\" aria-invalid=\"false\" placeholder=\"Subjects*\" value=\"\" type=\"text\" name=\"your-subject\" \/><\/span>\n\t<\/p>\n<\/div>\n<div class=\"text-area-col\">\n\t<p><span class=\"wpcf7-form-control-wrap\" data-name=\"your-message\"><textarea cols=\"40\" rows=\"10\" maxlength=\"2000\" class=\"wpcf7-form-control wpcf7-textarea\" aria-invalid=\"false\" placeholder=\"Your Message*\" name=\"your-message\"><\/textarea><\/span>\n\t<\/p>\n<\/div>\n<div class=\"contact-button\">\n\t<p><input class=\"wpcf7-form-control wpcf7-submit has-spinner\" type=\"submit\" value=\"Send\" \/>\n\t<\/p>\n<\/div><div class=\"wpcf7-response-output\" aria-hidden=\"true\"><\/div>\n<\/form>\n<\/div>\n<\/div>\n\t\t\t\t\t\t<\/div>\n\t\t\t\t<\/div>\n\t\t\t\t\t<\/div>\n\t\t<\/div>\n\t\t\t\t\t<\/div>\n\t\t<\/section>\n\t\t\t\t<section class=\"elementor-section elementor-top-section elementor-element elementor-element-237e30c elementor-section-full_width elementor-section-stretched elementor-section-height-default elementor-section-height-default\" data-id=\"237e30c\" data-element_type=\"section\" data-e-type=\"section\" data-settings=\"{&quot;stretch_section&quot;:&quot;section-stretched&quot;}\">\n\t\t\t\t\t\t<div class=\"elementor-container elementor-column-gap-default\">\n\t\t\t\t\t<div class=\"elementor-column elementor-col-100 elementor-top-column elementor-element elementor-element-901d729\" data-id=\"901d729\" data-element_type=\"column\" data-e-type=\"column\">\n\t\t\t<div class=\"elementor-widget-wrap elementor-element-populated\">\n\t\t\t\t\t\t<div class=\"elementor-element elementor-element-1ae5ea3 elementor-widget elementor-widget-google_maps\" data-id=\"1ae5ea3\" data-element_type=\"widget\" data-e-type=\"widget\" data-widget_type=\"google_maps.default\">\n\t\t\t\t<div class=\"elementor-widget-container\">\n\t\t\t\t\t\t\t<div class=\"elementor-custom-embed\">\n\t\t\t<iframe loading=\"lazy\"\n\t\t\t\t\tsrc=\"https:\/\/maps.google.com\/maps?q=Calle%20Ray%C3%B3n%201128%2C%20Colonia%20Centro%20Ciudad%20Cuauht%C3%A9moc%2C%20Chihuahua%2C%20M%C3%A9xico&#038;t=m&#038;z=14&#038;output=embed&#038;iwloc=near\"\n\t\t\t\t\ttitle=\"Calle Ray\u00f3n 1128, Colonia Centro Ciudad Cuauht\u00e9moc, Chihuahua, M\u00e9xico\"\n\t\t\t\t\taria-label=\"Calle Ray\u00f3n 1128, Colonia Centro Ciudad Cuauht\u00e9moc, Chihuahua, M\u00e9xico\"\n\t\t\t><\/iframe>\n\t\t<\/div>\n\t\t\t\t\t\t<\/div>\n\t\t\t\t<\/div>\n\t\t\t\t\t<\/div>\n\t\t<\/div>\n\t\t\t\t\t<\/div>\n\t\t<\/section>\n\t\t\t\t<\/div>\n\t\t","protected":false},"excerpt":{"rendered":"<p>P\u00f3nte en Contacto Direcci\u00f3n : Calle Ray\u00f3n 1128, Colonia CentroCiudad Cuauht\u00e9moc, Chihuahua, M\u00e9xico. Tel\u00e9fonos : 625 &#8211; 134 &#8211; 4477 614 &#8211; 131 &#8211; 3943 Email : anyflats@gmail.com Horario : Lunes \u2013 Viernes 9 AM \u2013 7 PM Escr\u00edbenos. Si necesitas ponerte en contacto con nosotros,env\u00edanos tu tus comentarios por correo.<\/p>\n","protected":false},"author":1,"featured_media":0,"parent":0,"menu_order":0,"comment_status":"closed","ping_status":"closed","template":"","meta":{"footnotes":""},"class_list":["post-209","page","type-page","status-publish","hentry"],"yoast_head":"<!-- This site is optimized with the Yoast SEO plugin v27.4 - https:\/\/yoast.com\/product\/yoast-seo-wordpress\/ -->\n<title>Contact Us - Anyflats<\/title>\n<meta name=\"robots\" content=\"index, follow, max-snippet:-1, max-image-preview:large, max-video-preview:-1\" \/>\n<link rel=\"canonical\" href=\"https:\/\/www.anyflats.com\/?page_id=209\" \/>\n<meta property=\"og:locale\" content=\"es_ES\" \/>\n<meta property=\"og:type\" content=\"article\" \/>\n<meta property=\"og:title\" content=\"Contact Us - Anyflats\" \/>\n<meta property=\"og:description\" content=\"P\u00f3nte en Contacto Direcci\u00f3n : Calle Ray\u00f3n 1128, Colonia CentroCiudad Cuauht\u00e9moc, Chihuahua, M\u00e9xico. Tel\u00e9fonos : 625 &#8211; 134 &#8211; 4477 614 &#8211; 131 &#8211; 3943 Email : anyflats@gmail.com Horario : Lunes \u2013 Viernes 9 AM \u2013 7 PM Escr\u00edbenos. Si necesitas ponerte en contacto con nosotros,env\u00edanos tu tus comentarios por correo.\" \/>\n<meta property=\"og:url\" content=\"https:\/\/www.anyflats.com\/?page_id=209\" \/>\n<meta property=\"og:site_name\" content=\"Anyflats\" \/>\n<meta property=\"article:modified_time\" content=\"2022-07-06T23:18:28+00:00\" \/>\n<meta name=\"twitter:card\" content=\"summary_large_image\" \/>\n<meta name=\"twitter:label1\" content=\"Tiempo de lectura\" \/>\n\t<meta name=\"twitter:data1\" content=\"1 minuto\" \/>\n<script type=\"application\/ld+json\" class=\"yoast-schema-graph\">{\"@context\":\"https:\\\/\\\/schema.org\",\"@graph\":[{\"@type\":\"WebPage\",\"@id\":\"https:\\\/\\\/www.anyflats.com\\\/?page_id=209\",\"url\":\"https:\\\/\\\/www.anyflats.com\\\/?page_id=209\",\"name\":\"Contact Us - Anyflats\",\"isPartOf\":{\"@id\":\"https:\\\/\\\/www.anyflats.com\\\/#website\"},\"datePublished\":\"2019-09-26T09:21:57+00:00\",\"dateModified\":\"2022-07-06T23:18:28+00:00\",\"breadcrumb\":{\"@id\":\"https:\\\/\\\/www.anyflats.com\\\/?page_id=209#breadcrumb\"},\"inLanguage\":\"es\",\"potentialAction\":[{\"@type\":\"ReadAction\",\"target\":[\"https:\\\/\\\/www.anyflats.com\\\/?page_id=209\"]}]},{\"@type\":\"BreadcrumbList\",\"@id\":\"https:\\\/\\\/www.anyflats.com\\\/?page_id=209#breadcrumb\",\"itemListElement\":[{\"@type\":\"ListItem\",\"position\":1,\"name\":\"Home\",\"item\":\"https:\\\/\\\/www.anyflats.com\\\/\"},{\"@type\":\"ListItem\",\"position\":2,\"name\":\"Contact Us\"}]},{\"@type\":\"WebSite\",\"@id\":\"https:\\\/\\\/www.anyflats.com\\\/#website\",\"url\":\"https:\\\/\\\/www.anyflats.com\\\/\",\"name\":\"Anyflats\",\"description\":\"Tire Sealant Latex\",\"potentialAction\":[{\"@type\":\"SearchAction\",\"target\":{\"@type\":\"EntryPoint\",\"urlTemplate\":\"https:\\\/\\\/www.anyflats.com\\\/?s={search_term_string}\"},\"query-input\":{\"@type\":\"PropertyValueSpecification\",\"valueRequired\":true,\"valueName\":\"search_term_string\"}}],\"inLanguage\":\"es\"}]}<\/script>\n<!-- \/ Yoast SEO plugin. -->","yoast_head_json":{"title":"Contact Us - Anyflats","robots":{"index":"index","follow":"follow","max-snippet":"max-snippet:-1","max-image-preview":"max-image-preview:large","max-video-preview":"max-video-preview:-1"},"canonical":"https:\/\/www.anyflats.com\/?page_id=209","og_locale":"es_ES","og_type":"article","og_title":"Contact Us - Anyflats","og_description":"P\u00f3nte en Contacto Direcci\u00f3n : Calle Ray\u00f3n 1128, Colonia CentroCiudad Cuauht\u00e9moc, Chihuahua, M\u00e9xico. Tel\u00e9fonos : 625 &#8211; 134 &#8211; 4477 614 &#8211; 131 &#8211; 3943 Email : anyflats@gmail.com Horario : Lunes \u2013 Viernes 9 AM \u2013 7 PM Escr\u00edbenos. Si necesitas ponerte en contacto con nosotros,env\u00edanos tu tus comentarios por correo.","og_url":"https:\/\/www.anyflats.com\/?page_id=209","og_site_name":"Anyflats","article_modified_time":"2022-07-06T23:18:28+00:00","twitter_card":"summary_large_image","twitter_misc":{"Tiempo de lectura":"1 minuto"},"schema":{"@context":"https:\/\/schema.org","@graph":[{"@type":"WebPage","@id":"https:\/\/www.anyflats.com\/?page_id=209","url":"https:\/\/www.anyflats.com\/?page_id=209","name":"Contact Us - Anyflats","isPartOf":{"@id":"https:\/\/www.anyflats.com\/#website"},"datePublished":"2019-09-26T09:21:57+00:00","dateModified":"2022-07-06T23:18:28+00:00","breadcrumb":{"@id":"https:\/\/www.anyflats.com\/?page_id=209#breadcrumb"},"inLanguage":"es","potentialAction":[{"@type":"ReadAction","target":["https:\/\/www.anyflats.com\/?page_id=209"]}]},{"@type":"BreadcrumbList","@id":"https:\/\/www.anyflats.com\/?page_id=209#breadcrumb","itemListElement":[{"@type":"ListItem","position":1,"name":"Home","item":"https:\/\/www.anyflats.com\/"},{"@type":"ListItem","position":2,"name":"Contact Us"}]},{"@type":"WebSite","@id":"https:\/\/www.anyflats.com\/#website","url":"https:\/\/www.anyflats.com\/","name":"Anyflats","description":"Tire Sealant Latex","potentialAction":[{"@type":"SearchAction","target":{"@type":"EntryPoint","urlTemplate":"https:\/\/www.anyflats.com\/?s={search_term_string}"},"query-input":{"@type":"PropertyValueSpecification","valueRequired":true,"valueName":"search_term_string"}}],"inLanguage":"es"}]}},"_links":{"self":[{"href":"https:\/\/www.anyflats.com\/index.php?rest_route=\/wp\/v2\/pages\/209","targetHints":{"allow":["GET"]}}],"collection":[{"href":"https:\/\/www.anyflats.com\/index.php?rest_route=\/wp\/v2\/pages"}],"about":[{"href":"https:\/\/www.anyflats.com\/index.php?rest_route=\/wp\/v2\/types\/page"}],"author":[{"embeddable":true,"href":"https:\/\/www.anyflats.com\/index.php?rest_route=\/wp\/v2\/users\/1"}],"replies":[{"embeddable":true,"href":"https:\/\/www.anyflats.com\/index.php?rest_route=%2Fwp%2Fv2%2Fcomments&post=209"}],"version-history":[{"count":15,"href":"https:\/\/www.anyflats.com\/index.php?rest_route=\/wp\/v2\/pages\/209\/revisions"}],"predecessor-version":[{"id":18233,"href":"https:\/\/www.anyflats.com\/index.php?rest_route=\/wp\/v2\/pages\/209\/revisions\/18233"}],"wp:attachment":[{"href":"https:\/\/www.anyflats.com\/index.php?rest_route=%2Fwp%2Fv2%2Fmedia&parent=209"}],"curies":[{"name":"wp","href":"https:\/\/api.w.org\/{rel}","templated":true}]}}